{"id":10,"date":"2016-09-13T14:48:54","date_gmt":"2016-09-13T13:48:54","guid":{"rendered":"http:\/\/inmediaserver.local\/atzaro-design\/?page_id=10"},"modified":"2017-09-14T05:30:44","modified_gmt":"2017-09-14T04:30:44","slug":"ibiza-business-design","status":"publish","type":"page","link":"https:\/\/atzarodesignibiza.com\/es\/ibiza-business-design\/","title":{"rendered":"Business Design"},"content":{"rendered":"<p>Vuestro proyecto transform\u00f3 el negocio. Abrimos el primer a\u00f1o con otro aspecto y la verdad es que no funcionaba pero cuando os pedimos que crearais un nuevo concepto y dise\u00f1o, el negocio inmediatamente tuvo un gran \u00e9xito. Creasteis nuestro precioso y elegante beach club con un dise\u00f1o moderno y fresco mezclando toques muy ibicencos. Todo aquel que viene adora la atm\u00f3sfera que se ha creado, ahora es un lugar de moda, las rese\u00f1as de Trip Advisor son fant\u00e1sticas y el negocio ha sido todo un \u00e9xito. Gracias.<br \/>\n\u2018A\u2019 \u2013 Directora de la Empresa<\/p>\n<p>Ten\u00eda la idea de abrir un nuevo restaurante rural en Ibiza y encontr\u00e9 un sitio. Para crear el negocio os ped\u00ed ayuda y lo que dise\u00f1asteis y construisteis era mucho m\u00e1s de lo que me esperaba. De la nada creasteis un precioso restaurante rural en una finca r\u00fastica, con comedores \u00edntimos, terrazas, barras, jardines y una boutique. Con salpicaduras en verde oliva, blancos y tonos naturales que formaban parte de vuestra paleta, creasteis un lugar magn\u00edfico que parece que ha estado siempre aqu\u00ed. Creando el verdadero look de Ibiza con el uso de mobiliario reciclado, antig\u00fcedades, texturas, macetas, maderas, naranjos y mucho m\u00e1s, lo unisteis todo fant\u00e1sticamente para aportarle ese ambiente espec\u00edfico. Vuestro trabajo fue toda una inspiraci\u00f3n y ahora tengo un negocio floreciente y popular que ya est\u00e1 bien establecido en la isla gracias a vuestro precioso dise\u00f1o y creaci\u00f3n.<br \/>\n\u2018Y\u2019 \u2013 Propietaria<\/p>\n<p>No paran de hacernos comentarios positivos sobre el nuevo aspecto de nuestro hotel. Los hu\u00e9spedes nos hacen montones de cumplidos sobre la nueva decoraci\u00f3n de las habitaciones y sobretodo adoran su luz y energ\u00eda. Les encanta la atenci\u00f3n al detalle, c\u00f3mo todo est\u00e1 en armon\u00eda y ese sentimiento de relajaci\u00f3n que desprende. Hab\u00e9is devuelto el hotel a sus ra\u00edces, a su condici\u00f3n de finca y a su historia. Todo aquel que visita el hotel puede entender ahora su identidad y sentirse como en casa con su lujo, ambiente relajado y ese aire tan ibicenco. Gracias.<br \/>\n\u2018A\u2019 \u2013 Directora de Recepci\u00f3n<\/p>","protected":false},"excerpt":{"rendered":"<p>Vuestro proyecto transform\u00f3 el negocio. Abrimos el primer a\u00f1o con otro aspecto y la verdad es que no funcionaba pero cuando os pedimos que crearais un nuevo concepto y dise\u00f1o,&hellip;<\/p>\n","protected":false},"author":1,"featured_media":176,"parent":6,"menu_order":3,"comment_status":"closed","ping_status":"closed","template":"pages\/template-design.php","meta":{"_acf_changed":false,"footnotes":""},"class_list":["post-10","page","type-page","status-publish","has-post-thumbnail","hentry"],"acf":[],"yoast_head":"<!-- This site is optimized with the Yoast SEO plugin v27.4 - https:\/\/yoast.com\/product\/yoast-seo-wordpress\/ -->\n<title>Ibiza Business Design by Atzar\u00f3 Design Ibiza - we have the experience<\/title>\n<meta name=\"description\" content=\"Invest in your business concept with design. Give your business the magic touch, the advantage, with our Ibiza business design and Ibiza Interior design.\" \/>\n<meta name=\"robots\" content=\"index, follow, max-snippet:-1, max-image-preview:large, max-video-preview:-1\" \/>\n<link rel=\"canonical\" href=\"https:\/\/atzarodesignibiza.com\/ibiza-business-design\/\" \/>\n<meta property=\"og:locale\" content=\"es_ES\" \/>\n<meta property=\"og:type\" content=\"article\" \/>\n<meta property=\"og:title\" content=\"Ibiza Business Design by Atzar\u00f3 Design Ibiza - we have the experience\" \/>\n<meta property=\"og:description\" content=\"Invest in your business concept with design. Give your business the magic touch, the advantage, with our Ibiza business design and Ibiza Interior design.\" \/>\n<meta property=\"og:url\" content=\"https:\/\/atzarodesignibiza.com\/ibiza-business-design\/\" \/>\n<meta property=\"og:site_name\" content=\"Atzaro Design\" \/>\n<meta property=\"article:modified_time\" content=\"2017-09-14T04:30:44+00:00\" \/>\n<meta property=\"og:image\" content=\"https:\/\/atzarodesignibiza.com\/wp-content\/uploads\/2016\/09\/Orange-Tree-Restaurant.jpg\" \/>\n\t<meta property=\"og:image:width\" content=\"960\" \/>\n\t<meta property=\"og:image:height\" content=\"541\" \/>\n\t<meta property=\"og:image:type\" content=\"image\/jpeg\" \/>\n<meta name=\"twitter:card\" content=\"summary_large_image\" \/>\n<meta name=\"twitter:label1\" content=\"Tiempo de lectura\" \/>\n\t<meta name=\"twitter:data1\" content=\"4 minutos\" \/>\n<script type=\"application\/ld+json\" class=\"yoast-schema-graph\">{\"@context\":\"https:\\\/\\\/schema.org\",\"@graph\":[{\"@type\":\"WebPage\",\"@id\":\"https:\\\/\\\/atzarodesignibiza.com\\\/ibiza-business-design\\\/\",\"url\":\"https:\\\/\\\/atzarodesignibiza.com\\\/ibiza-business-design\\\/\",\"name\":\"Ibiza Business Design by Atzar\u00f3 Design Ibiza - we have the experience\",\"isPartOf\":{\"@id\":\"https:\\\/\\\/atzarodesignibiza.com\\\/#website\"},\"primaryImageOfPage\":{\"@id\":\"https:\\\/\\\/atzarodesignibiza.com\\\/ibiza-business-design\\\/#primaryimage\"},\"image\":{\"@id\":\"https:\\\/\\\/atzarodesignibiza.com\\\/ibiza-business-design\\\/#primaryimage\"},\"thumbnailUrl\":\"https:\\\/\\\/atzarodesignibiza.com\\\/wp-content\\\/uploads\\\/2016\\\/09\\\/Orange-Tree-Restaurant.jpg\",\"datePublished\":\"2016-09-13T13:48:54+00:00\",\"dateModified\":\"2017-09-14T04:30:44+00:00\",\"description\":\"Invest in your business concept with design. Give your business the magic touch, the advantage, with our Ibiza business design and Ibiza Interior design.\",\"breadcrumb\":{\"@id\":\"https:\\\/\\\/atzarodesignibiza.com\\\/ibiza-business-design\\\/#breadcrumb\"},\"inLanguage\":\"es\",\"potentialAction\":[{\"@type\":\"ReadAction\",\"target\":[\"https:\\\/\\\/atzarodesignibiza.com\\\/ibiza-business-design\\\/\"]}]},{\"@type\":\"ImageObject\",\"inLanguage\":\"es\",\"@id\":\"https:\\\/\\\/atzarodesignibiza.com\\\/ibiza-business-design\\\/#primaryimage\",\"url\":\"https:\\\/\\\/atzarodesignibiza.com\\\/wp-content\\\/uploads\\\/2016\\\/09\\\/Orange-Tree-Restaurant.jpg\",\"contentUrl\":\"https:\\\/\\\/atzarodesignibiza.com\\\/wp-content\\\/uploads\\\/2016\\\/09\\\/Orange-Tree-Restaurant.jpg\",\"width\":960,\"height\":541},{\"@type\":\"BreadcrumbList\",\"@id\":\"https:\\\/\\\/atzarodesignibiza.com\\\/ibiza-business-design\\\/#breadcrumb\",\"itemListElement\":[{\"@type\":\"ListItem\",\"position\":1,\"name\":\"Home\",\"item\":\"https:\\\/\\\/atzarodesignibiza.com\\\/es\\\/\"},{\"@type\":\"ListItem\",\"position\":2,\"name\":\"Welcome\",\"item\":\"https:\\\/\\\/atzarodesignibiza.com\\\/es\\\/\"},{\"@type\":\"ListItem\",\"position\":3,\"name\":\"Business Design\"}]},{\"@type\":\"WebSite\",\"@id\":\"https:\\\/\\\/atzarodesignibiza.com\\\/#website\",\"url\":\"https:\\\/\\\/atzarodesignibiza.com\\\/\",\"name\":\"Atzaro Design\",\"description\":\"\",\"potentialAction\":[{\"@type\":\"SearchAction\",\"target\":{\"@type\":\"EntryPoint\",\"urlTemplate\":\"https:\\\/\\\/atzarodesignibiza.com\\\/?s={search_term_string}\"},\"query-input\":{\"@type\":\"PropertyValueSpecification\",\"valueRequired\":true,\"valueName\":\"search_term_string\"}}],\"inLanguage\":\"es\"}]}<\/script>\n<!-- \/ Yoast SEO plugin. -->","yoast_head_json":{"title":"Ibiza Business Design by Atzar\u00f3 Design Ibiza - we have the experience","description":"Invest in your business concept with design. Give your business the magic touch, the advantage, with our Ibiza business design and Ibiza Interior design.","robots":{"index":"index","follow":"follow","max-snippet":"max-snippet:-1","max-image-preview":"max-image-preview:large","max-video-preview":"max-video-preview:-1"},"canonical":"https:\/\/atzarodesignibiza.com\/ibiza-business-design\/","og_locale":"es_ES","og_type":"article","og_title":"Ibiza Business Design by Atzar\u00f3 Design Ibiza - we have the experience","og_description":"Invest in your business concept with design. Give your business the magic touch, the advantage, with our Ibiza business design and Ibiza Interior design.","og_url":"https:\/\/atzarodesignibiza.com\/ibiza-business-design\/","og_site_name":"Atzaro Design","article_modified_time":"2017-09-14T04:30:44+00:00","og_image":[{"width":960,"height":541,"url":"https:\/\/atzarodesignibiza.com\/wp-content\/uploads\/2016\/09\/Orange-Tree-Restaurant.jpg","type":"image\/jpeg"}],"twitter_card":"summary_large_image","twitter_misc":{"Tiempo de lectura":"4 minutos"},"schema":{"@context":"https:\/\/schema.org","@graph":[{"@type":"WebPage","@id":"https:\/\/atzarodesignibiza.com\/ibiza-business-design\/","url":"https:\/\/atzarodesignibiza.com\/ibiza-business-design\/","name":"Ibiza Business Design by Atzar\u00f3 Design Ibiza - we have the experience","isPartOf":{"@id":"https:\/\/atzarodesignibiza.com\/#website"},"primaryImageOfPage":{"@id":"https:\/\/atzarodesignibiza.com\/ibiza-business-design\/#primaryimage"},"image":{"@id":"https:\/\/atzarodesignibiza.com\/ibiza-business-design\/#primaryimage"},"thumbnailUrl":"https:\/\/atzarodesignibiza.com\/wp-content\/uploads\/2016\/09\/Orange-Tree-Restaurant.jpg","datePublished":"2016-09-13T13:48:54+00:00","dateModified":"2017-09-14T04:30:44+00:00","description":"Invest in your business concept with design. Give your business the magic touch, the advantage, with our Ibiza business design and Ibiza Interior design.","breadcrumb":{"@id":"https:\/\/atzarodesignibiza.com\/ibiza-business-design\/#breadcrumb"},"inLanguage":"es","potentialAction":[{"@type":"ReadAction","target":["https:\/\/atzarodesignibiza.com\/ibiza-business-design\/"]}]},{"@type":"ImageObject","inLanguage":"es","@id":"https:\/\/atzarodesignibiza.com\/ibiza-business-design\/#primaryimage","url":"https:\/\/atzarodesignibiza.com\/wp-content\/uploads\/2016\/09\/Orange-Tree-Restaurant.jpg","contentUrl":"https:\/\/atzarodesignibiza.com\/wp-content\/uploads\/2016\/09\/Orange-Tree-Restaurant.jpg","width":960,"height":541},{"@type":"BreadcrumbList","@id":"https:\/\/atzarodesignibiza.com\/ibiza-business-design\/#breadcrumb","itemListElement":[{"@type":"ListItem","position":1,"name":"Home","item":"https:\/\/atzarodesignibiza.com\/es\/"},{"@type":"ListItem","position":2,"name":"Welcome","item":"https:\/\/atzarodesignibiza.com\/es\/"},{"@type":"ListItem","position":3,"name":"Business Design"}]},{"@type":"WebSite","@id":"https:\/\/atzarodesignibiza.com\/#website","url":"https:\/\/atzarodesignibiza.com\/","name":"Atzaro Design","description":"","potentialAction":[{"@type":"SearchAction","target":{"@type":"EntryPoint","urlTemplate":"https:\/\/atzarodesignibiza.com\/?s={search_term_string}"},"query-input":{"@type":"PropertyValueSpecification","valueRequired":true,"valueName":"search_term_string"}}],"inLanguage":"es"}]}},"_links":{"self":[{"href":"https:\/\/atzarodesignibiza.com\/es\/wp-json\/wp\/v2\/pages\/10","targetHints":{"allow":["GET"]}}],"collection":[{"href":"https:\/\/atzarodesignibiza.com\/es\/wp-json\/wp\/v2\/pages"}],"about":[{"href":"https:\/\/atzarodesignibiza.com\/es\/wp-json\/wp\/v2\/types\/page"}],"author":[{"embeddable":true,"href":"https:\/\/atzarodesignibiza.com\/es\/wp-json\/wp\/v2\/users\/1"}],"replies":[{"embeddable":true,"href":"https:\/\/atzarodesignibiza.com\/es\/wp-json\/wp\/v2\/comments?post=10"}],"version-history":[{"count":5,"href":"https:\/\/atzarodesignibiza.com\/es\/wp-json\/wp\/v2\/pages\/10\/revisions"}],"predecessor-version":[{"id":775,"href":"https:\/\/atzarodesignibiza.com\/es\/wp-json\/wp\/v2\/pages\/10\/revisions\/775"}],"up":[{"embeddable":true,"href":"https:\/\/atzarodesignibiza.com\/es\/wp-json\/wp\/v2\/pages\/6"}],"wp:featuredmedia":[{"embeddable":true,"href":"https:\/\/atzarodesignibiza.com\/es\/wp-json\/wp\/v2\/media\/176"}],"wp:attachment":[{"href":"https:\/\/atzarodesignibiza.com\/es\/wp-json\/wp\/v2\/media?parent=10"}],"curies":[{"name":"wp","href":"https:\/\/api.w.org\/{rel}","templated":true}]}}