{"id":506,"date":"2017-06-09T09:16:45","date_gmt":"2017-06-09T08:16:45","guid":{"rendered":"http:\/\/atzarodesignibiza.com\/?page_id=506"},"modified":"2017-09-14T04:58:46","modified_gmt":"2017-09-14T03:58:46","slug":"interior-design","status":"publish","type":"page","link":"https:\/\/atzarodesignibiza.com\/es\/interior-design\/","title":{"rendered":"Diseno de Interiores"},"content":{"rendered":"<p>Todas las ma\u00f1anas al despertarme aqu\u00ed me siento fenomenal. Vuestro magn\u00edfico dise\u00f1o de mi hogar, su aspecto, su ambiente, luz y espacio me hacen sentir tan bien. Gracias.<br \/>\nV \u2013 Director Ejecutivo Compa\u00f1\u00eda<\/p>\n<p>La direcci\u00f3n del dise\u00f1o y proyecto se ha llevado a cabo con verdadero talento e inspiraci\u00f3n. Hab\u00e9is dise\u00f1ado y creado un hogar precioso para nosotros, un sue\u00f1o hecho realidad, especialmente porque nos preocupaba much\u00edsimo hacer reformas en Ibiza despu\u00e9s de todas las historias horribles que hemos o\u00eddo en los \u00faltimos a\u00f1os. Realmente escuch\u00e1is y entend\u00e9is las necesidades del cliente. Hab\u00e9is cambiado un espacio que estaba anticuado y era aburrido y hab\u00e9is tra\u00eddo el exterior a su interior (espectaculares vistas al mar y Es Vedr\u00e0) haciendo que el hogar fluya y devolvi\u00e9ndole la energ\u00eda al espacio, aport\u00e1ndole un sentimiento de calma y serenidad. Al dirigir la reforma de principio a fin, hab\u00e9is hecho que sea una experiencia totalmente agradable y libre de estr\u00e9s para nosotros, excediendo nuestras expectativas en todos los aspectos. Cuando regresamos la primera vez despu\u00e9s de que se hubieran completado las obras, despu\u00e9s de haber visto el progreso solamente en fotos, cuando abrimos la puerta de entrada no nos lo pod\u00edamos creer y pensamos que nos hab\u00edamos equivocado de casa, el cambio era realmente dram\u00e1tico e impresionante.<br \/>\n\u2018A\u2019 \u2013 Directora Compa\u00f1\u00eda de Contrataci\u00f3n<\/p>\n<p>Se lograron con facilidad las l\u00edneas de simplicidad, espacio y fluidez con vuestra gran atenci\u00f3n al detalle y desde entones no he cambiando nada. El espacio es m\u00e1s acogedor, c\u00f3modo y elegante, lo que refleja el orden y espacio que requiero en mi hogar para trabajar y vivir en armon\u00eda.<br \/>\n\u2018M\u2019 \u2013 Autora<\/p>","protected":false},"excerpt":{"rendered":"<p>Todas las ma\u00f1anas al despertarme aqu\u00ed me siento fenomenal. Vuestro magn\u00edfico dise\u00f1o de mi hogar, su aspecto, su ambiente, luz y espacio me hacen sentir tan bien. Gracias. V \u2013&hellip;<\/p>\n","protected":false},"author":1,"featured_media":360,"parent":0,"menu_order":0,"comment_status":"closed","ping_status":"closed","template":"pages\/template-design.php","meta":{"_acf_changed":false,"footnotes":""},"class_list":["post-506","page","type-page","status-publish","has-post-thumbnail","hentry"],"acf":[],"yoast_head":"<!-- This site is optimized with the Yoast SEO plugin v27.3 - https:\/\/yoast.com\/product\/yoast-seo-wordpress\/ -->\n<title>Diseno de Interiores - Atzaro Design<\/title>\n<meta name=\"robots\" content=\"index, follow, max-snippet:-1, max-image-preview:large, max-video-preview:-1\" \/>\n<link rel=\"canonical\" href=\"https:\/\/atzarodesignibiza.com\/interior-design\/\" \/>\n<meta property=\"og:locale\" content=\"es_ES\" \/>\n<meta property=\"og:type\" content=\"article\" \/>\n<meta property=\"og:title\" content=\"Diseno de Interiores - Atzaro Design\" \/>\n<meta property=\"og:description\" content=\"Todas las ma\u00f1anas al despertarme aqu\u00ed me siento fenomenal. Vuestro magn\u00edfico dise\u00f1o de mi hogar, su aspecto, su ambiente, luz y espacio me hacen sentir tan bien. Gracias. V \u2013&hellip;\" \/>\n<meta property=\"og:url\" content=\"https:\/\/atzarodesignibiza.com\/interior-design\/\" \/>\n<meta property=\"og:site_name\" content=\"Atzaro Design\" \/>\n<meta property=\"article:modified_time\" content=\"2017-09-14T03:58:46+00:00\" \/>\n<meta property=\"og:image\" content=\"https:\/\/atzarodesignibiza.com\/wp-content\/uploads\/2016\/09\/Can-Blay-184-1024x683.jpg\" \/>\n\t<meta property=\"og:image:width\" content=\"1024\" \/>\n\t<meta property=\"og:image:height\" content=\"683\" \/>\n\t<meta property=\"og:image:type\" content=\"image\/jpeg\" \/>\n<meta name=\"twitter:card\" content=\"summary_large_image\" \/>\n<meta name=\"twitter:label1\" content=\"Tiempo de lectura\" \/>\n\t<meta name=\"twitter:data1\" content=\"3 minutos\" \/>\n<script type=\"application\/ld+json\" class=\"yoast-schema-graph\">{\"@context\":\"https:\\\/\\\/schema.org\",\"@graph\":[{\"@type\":\"WebPage\",\"@id\":\"https:\\\/\\\/atzarodesignibiza.com\\\/interior-design\\\/\",\"url\":\"https:\\\/\\\/atzarodesignibiza.com\\\/interior-design\\\/\",\"name\":\"Diseno de Interiores - Atzaro Design\",\"isPartOf\":{\"@id\":\"https:\\\/\\\/atzarodesignibiza.com\\\/#website\"},\"primaryImageOfPage\":{\"@id\":\"https:\\\/\\\/atzarodesignibiza.com\\\/interior-design\\\/#primaryimage\"},\"image\":{\"@id\":\"https:\\\/\\\/atzarodesignibiza.com\\\/interior-design\\\/#primaryimage\"},\"thumbnailUrl\":\"https:\\\/\\\/atzarodesignibiza.com\\\/wp-content\\\/uploads\\\/2016\\\/09\\\/Can-Blay-184.jpg\",\"datePublished\":\"2017-06-09T08:16:45+00:00\",\"dateModified\":\"2017-09-14T03:58:46+00:00\",\"breadcrumb\":{\"@id\":\"https:\\\/\\\/atzarodesignibiza.com\\\/interior-design\\\/#breadcrumb\"},\"inLanguage\":\"es\",\"potentialAction\":[{\"@type\":\"ReadAction\",\"target\":[\"https:\\\/\\\/atzarodesignibiza.com\\\/interior-design\\\/\"]}]},{\"@type\":\"ImageObject\",\"inLanguage\":\"es\",\"@id\":\"https:\\\/\\\/atzarodesignibiza.com\\\/interior-design\\\/#primaryimage\",\"url\":\"https:\\\/\\\/atzarodesignibiza.com\\\/wp-content\\\/uploads\\\/2016\\\/09\\\/Can-Blay-184.jpg\",\"contentUrl\":\"https:\\\/\\\/atzarodesignibiza.com\\\/wp-content\\\/uploads\\\/2016\\\/09\\\/Can-Blay-184.jpg\",\"width\":4000,\"height\":2667},{\"@type\":\"BreadcrumbList\",\"@id\":\"https:\\\/\\\/atzarodesignibiza.com\\\/interior-design\\\/#breadcrumb\",\"itemListElement\":[{\"@type\":\"ListItem\",\"position\":1,\"name\":\"Home\",\"item\":\"https:\\\/\\\/atzarodesignibiza.com\\\/es\\\/\"},{\"@type\":\"ListItem\",\"position\":2,\"name\":\"Interior Design\"}]},{\"@type\":\"WebSite\",\"@id\":\"https:\\\/\\\/atzarodesignibiza.com\\\/#website\",\"url\":\"https:\\\/\\\/atzarodesignibiza.com\\\/\",\"name\":\"Atzaro Design\",\"description\":\"\",\"potentialAction\":[{\"@type\":\"SearchAction\",\"target\":{\"@type\":\"EntryPoint\",\"urlTemplate\":\"https:\\\/\\\/atzarodesignibiza.com\\\/?s={search_term_string}\"},\"query-input\":{\"@type\":\"PropertyValueSpecification\",\"valueRequired\":true,\"valueName\":\"search_term_string\"}}],\"inLanguage\":\"es\"}]}<\/script>\n<!-- \/ Yoast SEO plugin. -->","yoast_head_json":{"title":"Diseno de Interiores - Atzaro Design","robots":{"index":"index","follow":"follow","max-snippet":"max-snippet:-1","max-image-preview":"max-image-preview:large","max-video-preview":"max-video-preview:-1"},"canonical":"https:\/\/atzarodesignibiza.com\/interior-design\/","og_locale":"es_ES","og_type":"article","og_title":"Diseno de Interiores - Atzaro Design","og_description":"Todas las ma\u00f1anas al despertarme aqu\u00ed me siento fenomenal. Vuestro magn\u00edfico dise\u00f1o de mi hogar, su aspecto, su ambiente, luz y espacio me hacen sentir tan bien. Gracias. V \u2013&hellip;","og_url":"https:\/\/atzarodesignibiza.com\/interior-design\/","og_site_name":"Atzaro Design","article_modified_time":"2017-09-14T03:58:46+00:00","og_image":[{"width":1024,"height":683,"url":"https:\/\/atzarodesignibiza.com\/wp-content\/uploads\/2016\/09\/Can-Blay-184-1024x683.jpg","type":"image\/jpeg"}],"twitter_card":"summary_large_image","twitter_misc":{"Tiempo de lectura":"3 minutos"},"schema":{"@context":"https:\/\/schema.org","@graph":[{"@type":"WebPage","@id":"https:\/\/atzarodesignibiza.com\/interior-design\/","url":"https:\/\/atzarodesignibiza.com\/interior-design\/","name":"Diseno de Interiores - Atzaro Design","isPartOf":{"@id":"https:\/\/atzarodesignibiza.com\/#website"},"primaryImageOfPage":{"@id":"https:\/\/atzarodesignibiza.com\/interior-design\/#primaryimage"},"image":{"@id":"https:\/\/atzarodesignibiza.com\/interior-design\/#primaryimage"},"thumbnailUrl":"https:\/\/atzarodesignibiza.com\/wp-content\/uploads\/2016\/09\/Can-Blay-184.jpg","datePublished":"2017-06-09T08:16:45+00:00","dateModified":"2017-09-14T03:58:46+00:00","breadcrumb":{"@id":"https:\/\/atzarodesignibiza.com\/interior-design\/#breadcrumb"},"inLanguage":"es","potentialAction":[{"@type":"ReadAction","target":["https:\/\/atzarodesignibiza.com\/interior-design\/"]}]},{"@type":"ImageObject","inLanguage":"es","@id":"https:\/\/atzarodesignibiza.com\/interior-design\/#primaryimage","url":"https:\/\/atzarodesignibiza.com\/wp-content\/uploads\/2016\/09\/Can-Blay-184.jpg","contentUrl":"https:\/\/atzarodesignibiza.com\/wp-content\/uploads\/2016\/09\/Can-Blay-184.jpg","width":4000,"height":2667},{"@type":"BreadcrumbList","@id":"https:\/\/atzarodesignibiza.com\/interior-design\/#breadcrumb","itemListElement":[{"@type":"ListItem","position":1,"name":"Home","item":"https:\/\/atzarodesignibiza.com\/es\/"},{"@type":"ListItem","position":2,"name":"Interior Design"}]},{"@type":"WebSite","@id":"https:\/\/atzarodesignibiza.com\/#website","url":"https:\/\/atzarodesignibiza.com\/","name":"Atzaro Design","description":"","potentialAction":[{"@type":"SearchAction","target":{"@type":"EntryPoint","urlTemplate":"https:\/\/atzarodesignibiza.com\/?s={search_term_string}"},"query-input":{"@type":"PropertyValueSpecification","valueRequired":true,"valueName":"search_term_string"}}],"inLanguage":"es"}]}},"_links":{"self":[{"href":"https:\/\/atzarodesignibiza.com\/es\/wp-json\/wp\/v2\/pages\/506","targetHints":{"allow":["GET"]}}],"collection":[{"href":"https:\/\/atzarodesignibiza.com\/es\/wp-json\/wp\/v2\/pages"}],"about":[{"href":"https:\/\/atzarodesignibiza.com\/es\/wp-json\/wp\/v2\/types\/page"}],"author":[{"embeddable":true,"href":"https:\/\/atzarodesignibiza.com\/es\/wp-json\/wp\/v2\/users\/1"}],"replies":[{"embeddable":true,"href":"https:\/\/atzarodesignibiza.com\/es\/wp-json\/wp\/v2\/comments?post=506"}],"version-history":[{"count":5,"href":"https:\/\/atzarodesignibiza.com\/es\/wp-json\/wp\/v2\/pages\/506\/revisions"}],"predecessor-version":[{"id":771,"href":"https:\/\/atzarodesignibiza.com\/es\/wp-json\/wp\/v2\/pages\/506\/revisions\/771"}],"wp:featuredmedia":[{"embeddable":true,"href":"https:\/\/atzarodesignibiza.com\/es\/wp-json\/wp\/v2\/media\/360"}],"wp:attachment":[{"href":"https:\/\/atzarodesignibiza.com\/es\/wp-json\/wp\/v2\/media?parent=506"}],"curies":[{"name":"wp","href":"https:\/\/api.w.org\/{rel}","templated":true}]}}