{"id":6,"date":"2016-09-13T14:49:03","date_gmt":"2016-09-13T13:49:03","guid":{"rendered":"http:\/\/inmediaserver.local\/atzaro-design\/?page_id=6"},"modified":"2019-02-12T06:47:27","modified_gmt":"2019-02-12T06:47:27","slug":"home","status":"publish","type":"page","link":"https:\/\/atzarodesignibiza.com\/es\/","title":{"rendered":"Welcome"},"content":{"rendered":"<p>Bienvenidos a Atzar\u00f3 Design \u2013 Dise\u00f1o Interior de calidad para tu hogar o negocio. Con un fuerte enfoque en la cultura y esencia de Ibiza, le presentamos nuestros servicios \u00fanicos, elegantes e inspiradores de dise\u00f1o.<\/p>\n<p>Desde su fundaci\u00f3n, muchos clientes procedentes de todos los rincones del mundo admiran el dise\u00f1o y ambiente creados en el internacionalmente famoso Hotel Atzar\u00f3, en las empresas del Grupo Atzar\u00f3 y en sus casas. Atzar\u00f3 es conocido por su dise\u00f1o y calidad, su buena energ\u00eda y ambiente, su estilo y elegancia y por ser un lugar verdaderamente m\u00e1gico. Muchos nos han expresado su deseo de llevarse un pedazo de la magia de Atzar\u00f3 a sus propios hogares o negocios y nos han pedido si esto era posible.<\/p>\n<p>Gracias al buen funcionamiento y al continuado \u00e9xito del dise\u00f1o que aplicamos a nuestros propios negocios y casas del grupo Atzar\u00f3, hemos decidido ofrecer un servicio exclusivo de dise\u00f1o que incluye dise\u00f1o interior, exterior, construcciones y reformas tanto para tu hogar como para tus negocios.<\/p>\n<p>El directora de dise\u00f1o, lidera el equipo para crear la magia que tanta gente adora. Tanto si tienes un presupuesto limitado, medio o alto con nuestro concepto \u00fanico de dise\u00f1o, Lacase puede dise\u00f1ar tu espacio para que est\u00e9 en perfecta armon\u00eda contigo, tus alrededores y tu energ\u00eda, creando un espacio \u00fanico que no sea simplemente inspirador y hermoso a la vista pero que tambi\u00e9n te haga sentir bien.<\/p>\n<p>Tu pedazo de la magia de Ibiza adaptado a ti.<\/p>","protected":false},"excerpt":{"rendered":"<p>Bienvenidos a Atzar\u00f3 Design \u2013 Dise\u00f1o Interior de calidad para tu hogar o negocio. Con un fuerte enfoque en la cultura y esencia de Ibiza, le presentamos nuestros servicios \u00fanicos,&hellip;<\/p>\n","protected":false},"author":1,"featured_media":346,"parent":0,"menu_order":-10,"comment_status":"closed","ping_status":"closed","template":"pages\/template-one-pager.php","meta":{"_acf_changed":false,"footnotes":""},"class_list":["post-6","page","type-page","status-publish","has-post-thumbnail","hentry"],"acf":[],"yoast_head":"<!-- This site is optimized with the Yoast SEO plugin v27.4 - https:\/\/yoast.com\/product\/yoast-seo-wordpress\/ -->\n<title>Atzar\u00f3 Design Dise\u00f1o Interior para su hogar o negocio<\/title>\n<meta name=\"description\" content=\"Con un fuerte enfoque en la cultura de la verdadera Ibiza, le presentamos nuestros servicios \u00fanicos, elegantes e inspiradores de dise\u00f1o interior y exterior\" \/>\n<meta name=\"robots\" content=\"index, follow, max-snippet:-1, max-image-preview:large, max-video-preview:-1\" \/>\n<link rel=\"canonical\" href=\"https:\/\/atzarodesignibiza.com\/es\/\" \/>\n<meta property=\"og:locale\" content=\"es_ES\" \/>\n<meta property=\"og:type\" content=\"article\" \/>\n<meta property=\"og:title\" content=\"Atzar\u00f3 Design Dise\u00f1o Interior para su hogar o negocio\" \/>\n<meta property=\"og:description\" content=\"Con un fuerte enfoque en la cultura de la verdadera Ibiza, le presentamos nuestros servicios \u00fanicos, elegantes e inspiradores de dise\u00f1o interior y exterior\" \/>\n<meta property=\"og:url\" content=\"https:\/\/atzarodesignibiza.com\/es\/\" \/>\n<meta property=\"og:site_name\" content=\"Atzaro Design\" \/>\n<meta property=\"article:modified_time\" content=\"2019-02-12T06:47:27+00:00\" \/>\n<meta property=\"og:image\" content=\"https:\/\/atzarodesignibiza.com\/wp-content\/uploads\/2016\/09\/Can-Blay-134-Copy-1.jpg\" \/>\n\t<meta property=\"og:image:width\" content=\"4000\" \/>\n\t<meta property=\"og:image:height\" content=\"2667\" \/>\n\t<meta property=\"og:image:type\" content=\"image\/jpeg\" \/>\n<meta name=\"twitter:card\" content=\"summary_large_image\" \/>\n<meta name=\"twitter:label1\" content=\"Tiempo de lectura\" \/>\n\t<meta name=\"twitter:data1\" content=\"3 minutos\" \/>\n<script type=\"application\/ld+json\" class=\"yoast-schema-graph\">{\"@context\":\"https:\\\/\\\/schema.org\",\"@graph\":[{\"@type\":\"WebPage\",\"@id\":\"https:\\\/\\\/atzarodesignibiza.com\\\/es\\\/\",\"url\":\"https:\\\/\\\/atzarodesignibiza.com\\\/es\\\/\",\"name\":\"Atzar\u00f3 Design Dise\u00f1o Interior para su hogar o negocio\",\"isPartOf\":{\"@id\":\"https:\\\/\\\/atzarodesignibiza.com\\\/#website\"},\"primaryImageOfPage\":{\"@id\":\"https:\\\/\\\/atzarodesignibiza.com\\\/es\\\/#primaryimage\"},\"image\":{\"@id\":\"https:\\\/\\\/atzarodesignibiza.com\\\/es\\\/#primaryimage\"},\"thumbnailUrl\":\"https:\\\/\\\/atzarodesignibiza.com\\\/wp-content\\\/uploads\\\/2016\\\/09\\\/Can-Blay-134-Copy-1.jpg\",\"datePublished\":\"2016-09-13T13:49:03+00:00\",\"dateModified\":\"2019-02-12T06:47:27+00:00\",\"description\":\"Con un fuerte enfoque en la cultura de la verdadera Ibiza, le presentamos nuestros servicios \u00fanicos, elegantes e inspiradores de dise\u00f1o interior y exterior\",\"breadcrumb\":{\"@id\":\"https:\\\/\\\/atzarodesignibiza.com\\\/es\\\/#breadcrumb\"},\"inLanguage\":\"es\",\"potentialAction\":[{\"@type\":\"ReadAction\",\"target\":[\"https:\\\/\\\/atzarodesignibiza.com\\\/es\\\/\"]}]},{\"@type\":\"ImageObject\",\"inLanguage\":\"es\",\"@id\":\"https:\\\/\\\/atzarodesignibiza.com\\\/es\\\/#primaryimage\",\"url\":\"https:\\\/\\\/atzarodesignibiza.com\\\/wp-content\\\/uploads\\\/2016\\\/09\\\/Can-Blay-134-Copy-1.jpg\",\"contentUrl\":\"https:\\\/\\\/atzarodesignibiza.com\\\/wp-content\\\/uploads\\\/2016\\\/09\\\/Can-Blay-134-Copy-1.jpg\",\"width\":4000,\"height\":2667},{\"@type\":\"BreadcrumbList\",\"@id\":\"https:\\\/\\\/atzarodesignibiza.com\\\/es\\\/#breadcrumb\",\"itemListElement\":[{\"@type\":\"ListItem\",\"position\":1,\"name\":\"Home\",\"item\":\"https:\\\/\\\/atzarodesignibiza.com\\\/es\\\/\"},{\"@type\":\"ListItem\",\"position\":2,\"name\":\"Welcome\"}]},{\"@type\":\"WebSite\",\"@id\":\"https:\\\/\\\/atzarodesignibiza.com\\\/#website\",\"url\":\"https:\\\/\\\/atzarodesignibiza.com\\\/\",\"name\":\"Atzaro Design\",\"description\":\"\",\"potentialAction\":[{\"@type\":\"SearchAction\",\"target\":{\"@type\":\"EntryPoint\",\"urlTemplate\":\"https:\\\/\\\/atzarodesignibiza.com\\\/?s={search_term_string}\"},\"query-input\":{\"@type\":\"PropertyValueSpecification\",\"valueRequired\":true,\"valueName\":\"search_term_string\"}}],\"inLanguage\":\"es\"}]}<\/script>\n<!-- \/ Yoast SEO plugin. -->","yoast_head_json":{"title":"Atzar\u00f3 Design Dise\u00f1o Interior para su hogar o negocio","description":"Con un fuerte enfoque en la cultura de la verdadera Ibiza, le presentamos nuestros servicios \u00fanicos, elegantes e inspiradores de dise\u00f1o interior y exterior","robots":{"index":"index","follow":"follow","max-snippet":"max-snippet:-1","max-image-preview":"max-image-preview:large","max-video-preview":"max-video-preview:-1"},"canonical":"https:\/\/atzarodesignibiza.com\/es\/","og_locale":"es_ES","og_type":"article","og_title":"Atzar\u00f3 Design Dise\u00f1o Interior para su hogar o negocio","og_description":"Con un fuerte enfoque en la cultura de la verdadera Ibiza, le presentamos nuestros servicios \u00fanicos, elegantes e inspiradores de dise\u00f1o interior y exterior","og_url":"https:\/\/atzarodesignibiza.com\/es\/","og_site_name":"Atzaro Design","article_modified_time":"2019-02-12T06:47:27+00:00","og_image":[{"width":4000,"height":2667,"url":"https:\/\/atzarodesignibiza.com\/wp-content\/uploads\/2016\/09\/Can-Blay-134-Copy-1.jpg","type":"image\/jpeg"}],"twitter_card":"summary_large_image","twitter_misc":{"Tiempo de lectura":"3 minutos"},"schema":{"@context":"https:\/\/schema.org","@graph":[{"@type":"WebPage","@id":"https:\/\/atzarodesignibiza.com\/es\/","url":"https:\/\/atzarodesignibiza.com\/es\/","name":"Atzar\u00f3 Design Dise\u00f1o Interior para su hogar o negocio","isPartOf":{"@id":"https:\/\/atzarodesignibiza.com\/#website"},"primaryImageOfPage":{"@id":"https:\/\/atzarodesignibiza.com\/es\/#primaryimage"},"image":{"@id":"https:\/\/atzarodesignibiza.com\/es\/#primaryimage"},"thumbnailUrl":"https:\/\/atzarodesignibiza.com\/wp-content\/uploads\/2016\/09\/Can-Blay-134-Copy-1.jpg","datePublished":"2016-09-13T13:49:03+00:00","dateModified":"2019-02-12T06:47:27+00:00","description":"Con un fuerte enfoque en la cultura de la verdadera Ibiza, le presentamos nuestros servicios \u00fanicos, elegantes e inspiradores de dise\u00f1o interior y exterior","breadcrumb":{"@id":"https:\/\/atzarodesignibiza.com\/es\/#breadcrumb"},"inLanguage":"es","potentialAction":[{"@type":"ReadAction","target":["https:\/\/atzarodesignibiza.com\/es\/"]}]},{"@type":"ImageObject","inLanguage":"es","@id":"https:\/\/atzarodesignibiza.com\/es\/#primaryimage","url":"https:\/\/atzarodesignibiza.com\/wp-content\/uploads\/2016\/09\/Can-Blay-134-Copy-1.jpg","contentUrl":"https:\/\/atzarodesignibiza.com\/wp-content\/uploads\/2016\/09\/Can-Blay-134-Copy-1.jpg","width":4000,"height":2667},{"@type":"BreadcrumbList","@id":"https:\/\/atzarodesignibiza.com\/es\/#breadcrumb","itemListElement":[{"@type":"ListItem","position":1,"name":"Home","item":"https:\/\/atzarodesignibiza.com\/es\/"},{"@type":"ListItem","position":2,"name":"Welcome"}]},{"@type":"WebSite","@id":"https:\/\/atzarodesignibiza.com\/#website","url":"https:\/\/atzarodesignibiza.com\/","name":"Atzaro Design","description":"","potentialAction":[{"@type":"SearchAction","target":{"@type":"EntryPoint","urlTemplate":"https:\/\/atzarodesignibiza.com\/?s={search_term_string}"},"query-input":{"@type":"PropertyValueSpecification","valueRequired":true,"valueName":"search_term_string"}}],"inLanguage":"es"}]}},"_links":{"self":[{"href":"https:\/\/atzarodesignibiza.com\/es\/wp-json\/wp\/v2\/pages\/6","targetHints":{"allow":["GET"]}}],"collection":[{"href":"https:\/\/atzarodesignibiza.com\/es\/wp-json\/wp\/v2\/pages"}],"about":[{"href":"https:\/\/atzarodesignibiza.com\/es\/wp-json\/wp\/v2\/types\/page"}],"author":[{"embeddable":true,"href":"https:\/\/atzarodesignibiza.com\/es\/wp-json\/wp\/v2\/users\/1"}],"replies":[{"embeddable":true,"href":"https:\/\/atzarodesignibiza.com\/es\/wp-json\/wp\/v2\/comments?post=6"}],"version-history":[{"count":7,"href":"https:\/\/atzarodesignibiza.com\/es\/wp-json\/wp\/v2\/pages\/6\/revisions"}],"predecessor-version":[{"id":794,"href":"https:\/\/atzarodesignibiza.com\/es\/wp-json\/wp\/v2\/pages\/6\/revisions\/794"}],"wp:featuredmedia":[{"embeddable":true,"href":"https:\/\/atzarodesignibiza.com\/es\/wp-json\/wp\/v2\/media\/346"}],"wp:attachment":[{"href":"https:\/\/atzarodesignibiza.com\/es\/wp-json\/wp\/v2\/media?parent=6"}],"curies":[{"name":"wp","href":"https:\/\/api.w.org\/{rel}","templated":true}]}}